{"id":570,"date":"2018-09-01T16:00:39","date_gmt":"2018-09-01T14:00:39","guid":{"rendered":"https:\/\/samkankook.com\/?page_id=570"},"modified":"2020-02-13T16:02:47","modified_gmt":"2020-02-13T15:02:47","slug":"a-propos","status":"publish","type":"page","link":"https:\/\/www.samkankook.com\/fr\/a-propos\/","title":{"rendered":"A propos"},"content":{"rendered":"\n<div class=\"wp-block-columns is-layout-flex wp-container-core-columns-is-layout-9d6595d7 wp-block-columns-is-layout-flex\">\n<div class=\"wp-block-column is-layout-flow wp-block-column-is-layout-flow\">\n<p>C\u2019est dans la Cara\u00efbe fran\u00e7aises et plus pr\u00e9cis\u00e9ment en Guadeloupe que na\u00eet la passion de Samuel pour la cuisine. Depuis son plus jeune \u00e2ge celui qu\u2019on surnomme Sam apprend aux c\u00f4t\u00e9s de sa m\u00e8re et ses grand-m\u00e8res les recettes de familles des d\u00e9licieux mets carib\u00e9ens.<br>Spectateur aux premi\u00e8res heures, Sam devient tr\u00e8s rapidement un magicien en cuisine m\u00ealant divinement les \u00e9pices de l\u2019\u00eele aux belles eaux et d\u2019ailleurs.<\/p>\n\n\n\n<figure class=\"wp-block-image size-large\"><img data-recalc-dims=\"1\" loading=\"lazy\" decoding=\"async\" width=\"620\" height=\"311\" data-attachment-id=\"1627\" data-permalink=\"https:\/\/www.samkankook.com\/fr\/a-propos\/carte_final-2\/\" data-orig-file=\"https:\/\/i0.wp.com\/www.samkankook.com\/wp-content\/uploads\/2020\/02\/carte_final.jpg?fit=1043%2C524&amp;ssl=1\" data-orig-size=\"1043,524\" data-comments-opened=\"0\" data-image-meta=\"{&quot;aperture&quot;:&quot;0&quot;,&quot;credit&quot;:&quot;&quot;,&quot;camera&quot;:&quot;&quot;,&quot;caption&quot;:&quot;&quot;,&quot;created_timestamp&quot;:&quot;1579212992&quot;,&quot;copyright&quot;:&quot;&quot;,&quot;focal_length&quot;:&quot;0&quot;,&quot;iso&quot;:&quot;0&quot;,&quot;shutter_speed&quot;:&quot;0&quot;,&quot;title&quot;:&quot;&quot;,&quot;orientation&quot;:&quot;1&quot;}\" data-image-title=\"carte_final\" data-image-description=\"\" data-image-caption=\"\" data-medium-file=\"https:\/\/i0.wp.com\/www.samkankook.com\/wp-content\/uploads\/2020\/02\/carte_final.jpg?fit=300%2C151&amp;ssl=1\" data-large-file=\"https:\/\/i0.wp.com\/www.samkankook.com\/wp-content\/uploads\/2020\/02\/carte_final.jpg?fit=620%2C311&amp;ssl=1\" src=\"https:\/\/i0.wp.com\/samkankook.com\/wp-content\/uploads\/2020\/02\/carte_final-1024x514.jpg?resize=620%2C311&#038;ssl=1\" alt=\"\" class=\"wp-image-1627\" srcset=\"https:\/\/i0.wp.com\/www.samkankook.com\/wp-content\/uploads\/2020\/02\/carte_final.jpg?resize=1024%2C514&amp;ssl=1 1024w, https:\/\/i0.wp.com\/www.samkankook.com\/wp-content\/uploads\/2020\/02\/carte_final.jpg?resize=300%2C151&amp;ssl=1 300w, https:\/\/i0.wp.com\/www.samkankook.com\/wp-content\/uploads\/2020\/02\/carte_final.jpg?resize=768%2C386&amp;ssl=1 768w, https:\/\/i0.wp.com\/www.samkankook.com\/wp-content\/uploads\/2020\/02\/carte_final.jpg?resize=199%2C100&amp;ssl=1 199w, https:\/\/i0.wp.com\/www.samkankook.com\/wp-content\/uploads\/2020\/02\/carte_final.jpg?w=1043&amp;ssl=1 1043w\" sizes=\"auto, (max-width: 620px) 100vw, 620px\" \/><\/figure>\n\n\n\n<p>Sa passion pour les voyages et les cuisines du monde le pousse \u00e0 sillonner le monde et \u00e0 s\u2019\u00e9tablir \u00e0 Londres depuis maintenant 10 ans.<\/p>\n\n\n\n<p>C\u2019est dans la \u201cville-monde\u201d que Sam revisite les plats de ces a\u00efeuls, nostalgique de son \u00eele d\u2019origine. Peu \u00e0 peu, ces plats se retrouvent emprunts de touches multiculturelles dont l\u2019inspiration a \u00e9t\u00e9 puis\u00e9e lors de ses voyages donnant ainsi naissance \u00e0 sa signature culinaire: de la cuisine fusion avec une note carib\u00e9enne.<\/p>\n<\/div>\n\n\n\n<div class=\"wp-block-column is-layout-flow wp-block-column-is-layout-flow\">\n<p>Encourag\u00e9 par ses amis et sa famille qui comptent parmi ses plus grands fans, Sam d\u00e9cide de suivre sa passion et de donner naissance \u00e0 son concept <strong>SamKanKook<\/strong>.<\/p>\n\n\n\n<p><strong>SamKanKook<\/strong> repr\u00e9sente la haute-cuisine fusion inspir\u00e9e du riche h\u00e9ritage des Cara\u00efbes; un hymne \u00e0 l\u2019art culinaire guadeloup\u00e9en contemporain et luxueux.<\/p>\n\n\n\n<figure class=\"wp-block-image size-large\"><img data-recalc-dims=\"1\" loading=\"lazy\" decoding=\"async\" width=\"620\" height=\"705\" data-attachment-id=\"1537\" data-permalink=\"https:\/\/www.samkankook.com\/fr\/a-propos\/antilles\/\" data-orig-file=\"https:\/\/i0.wp.com\/www.samkankook.com\/wp-content\/uploads\/2019\/12\/antilles.jpg?fit=864%2C982&amp;ssl=1\" data-orig-size=\"864,982\" data-comments-opened=\"0\" data-image-meta=\"{&quot;aperture&quot;:&quot;0&quot;,&quot;credit&quot;:&quot;&quot;,&quot;camera&quot;:&quot;&quot;,&quot;caption&quot;:&quot;&quot;,&quot;created_timestamp&quot;:&quot;0&quot;,&quot;copyright&quot;:&quot;&quot;,&quot;focal_length&quot;:&quot;0&quot;,&quot;iso&quot;:&quot;0&quot;,&quot;shutter_speed&quot;:&quot;0&quot;,&quot;title&quot;:&quot;&quot;,&quot;orientation&quot;:&quot;0&quot;}\" data-image-title=\"antilles\" data-image-description=\"\" data-image-caption=\"\" data-medium-file=\"https:\/\/i0.wp.com\/www.samkankook.com\/wp-content\/uploads\/2019\/12\/antilles.jpg?fit=264%2C300&amp;ssl=1\" data-large-file=\"https:\/\/i0.wp.com\/www.samkankook.com\/wp-content\/uploads\/2019\/12\/antilles.jpg?fit=620%2C705&amp;ssl=1\" src=\"https:\/\/i0.wp.com\/samkankook.com\/wp-content\/uploads\/2019\/12\/antilles.jpg?resize=620%2C705&#038;ssl=1\" alt=\"\" class=\"wp-image-1537\" srcset=\"https:\/\/i0.wp.com\/www.samkankook.com\/wp-content\/uploads\/2019\/12\/antilles.jpg?w=864&amp;ssl=1 864w, https:\/\/i0.wp.com\/www.samkankook.com\/wp-content\/uploads\/2019\/12\/antilles.jpg?resize=264%2C300&amp;ssl=1 264w, https:\/\/i0.wp.com\/www.samkankook.com\/wp-content\/uploads\/2019\/12\/antilles.jpg?resize=768%2C873&amp;ssl=1 768w, https:\/\/i0.wp.com\/www.samkankook.com\/wp-content\/uploads\/2019\/12\/antilles.jpg?resize=88%2C100&amp;ssl=1 88w\" sizes=\"auto, (max-width: 620px) 100vw, 620px\" \/><\/figure>\n\n\n\n<p><strong>SamKanKook<\/strong> est aujourd\u2019hui un collectif r\u00e9unissant plusieurs personnes ayant pour mission d\u2019offrir une<br> exp\u00e9rience gastronomique transculturelle avec une note r\u00e9solument cr\u00e9ole et indiscutablement raffin\u00e9e.<\/p>\n<\/div>\n<\/div>\n","protected":false},"excerpt":{"rendered":"<p>C\u2019est dans la Cara\u00efbe fran\u00e7aises et plus pr\u00e9cis\u00e9ment en Guadeloupe que na\u00eet la passion de Samuel pour la cuisine. Depuis son plus jeune \u00e2ge celui qu\u2019on surnomme Sam apprend aux c\u00f4t\u00e9s de sa m\u00e8re et ses grand-m\u00e8res les recettes de familles des d\u00e9licieux mets carib\u00e9ens.Spectateur aux premi\u00e8res heures, Sam devient tr\u00e8s rapidement un magicien en [&hellip;]<\/p>\n","protected":false},"author":1,"featured_media":1688,"parent":0,"menu_order":0,"comment_status":"closed","ping_status":"closed","template":"","meta":{"_acf_changed":false,"footnotes":""},"class_list":["post-570","page","type-page","status-publish","has-post-thumbnail","hentry"],"acf":[],"yoast_head":"<!-- This site is optimized with the Yoast SEO plugin v24.8.1 - https:\/\/yoast.com\/wordpress\/plugins\/seo\/ -->\n<title>A propos | SamKanKook, chef priv\u00e9 - cuisine fusion Antillaise<\/title>\n<meta name=\"description\" content=\"Aujourd&#039;hui, SamKanKook est un collectif de personnes qui ont pour objectif de vous offrir un repas fait maison avec une exp\u00e9rience gastronomique cr\u00e9ative et raffin\u00e9e.\" \/>\n<meta name=\"robots\" content=\"index, follow, max-snippet:-1, max-image-preview:large, max-video-preview:-1\" \/>\n<link rel=\"canonical\" href=\"https:\/\/www.samkankook.com\/fr\/a-propos\/\" \/>\n<meta property=\"og:locale\" content=\"fr_FR\" \/>\n<meta property=\"og:type\" content=\"article\" \/>\n<meta property=\"og:title\" content=\"A propos | SamKanKook, chef priv\u00e9 - cuisine fusion Antillaise\" \/>\n<meta property=\"og:description\" content=\"Aujourd&#039;hui, SamKanKook est un collectif de personnes qui ont pour objectif de vous offrir un repas fait maison avec une exp\u00e9rience gastronomique cr\u00e9ative et raffin\u00e9e.\" \/>\n<meta property=\"og:url\" content=\"https:\/\/www.samkankook.com\/fr\/a-propos\/\" \/>\n<meta property=\"og:site_name\" content=\"SamKanKook\" \/>\n<meta property=\"article:publisher\" content=\"http:\/\/www.facebook.com\/samkankook1\" \/>\n<meta property=\"article:modified_time\" content=\"2020-02-13T15:02:47+00:00\" \/>\n<meta property=\"og:image\" content=\"https:\/\/samkankook.com\/wp-content\/uploads\/2020\/02\/about.jpg\" \/>\n\t<meta property=\"og:image:width\" content=\"1500\" \/>\n\t<meta property=\"og:image:height\" content=\"501\" \/>\n\t<meta property=\"og:image:type\" content=\"image\/jpeg\" \/>\n<meta name=\"twitter:card\" content=\"summary_large_image\" \/>\n<meta name=\"twitter:label1\" content=\"Dur\u00e9e de lecture estim\u00e9e\" \/>\n\t<meta name=\"twitter:data1\" content=\"1 minute\" \/>\n<script type=\"application\/ld+json\" class=\"yoast-schema-graph\">{\"@context\":\"https:\/\/schema.org\",\"@graph\":[{\"@type\":\"WebPage\",\"@id\":\"https:\/\/www.samkankook.com\/fr\/a-propos\/\",\"url\":\"https:\/\/www.samkankook.com\/fr\/a-propos\/\",\"name\":\"A propos | SamKanKook, chef priv\u00e9 - cuisine fusion Antillaise\",\"isPartOf\":{\"@id\":\"https:\/\/www.samkankook.com\/fr\/#website\"},\"primaryImageOfPage\":{\"@id\":\"https:\/\/www.samkankook.com\/fr\/a-propos\/#primaryimage\"},\"image\":{\"@id\":\"https:\/\/www.samkankook.com\/fr\/a-propos\/#primaryimage\"},\"thumbnailUrl\":\"https:\/\/i0.wp.com\/www.samkankook.com\/wp-content\/uploads\/2020\/02\/about.jpg?fit=1500%2C501&ssl=1\",\"datePublished\":\"2018-09-01T14:00:39+00:00\",\"dateModified\":\"2020-02-13T15:02:47+00:00\",\"description\":\"Aujourd'hui, SamKanKook est un collectif de personnes qui ont pour objectif de vous offrir un repas fait maison avec une exp\u00e9rience gastronomique cr\u00e9ative et raffin\u00e9e.\",\"breadcrumb\":{\"@id\":\"https:\/\/www.samkankook.com\/fr\/a-propos\/#breadcrumb\"},\"inLanguage\":\"fr-FR\",\"potentialAction\":[{\"@type\":\"ReadAction\",\"target\":[\"https:\/\/www.samkankook.com\/fr\/a-propos\/\"]}]},{\"@type\":\"ImageObject\",\"inLanguage\":\"fr-FR\",\"@id\":\"https:\/\/www.samkankook.com\/fr\/a-propos\/#primaryimage\",\"url\":\"https:\/\/i0.wp.com\/www.samkankook.com\/wp-content\/uploads\/2020\/02\/about.jpg?fit=1500%2C501&ssl=1\",\"contentUrl\":\"https:\/\/i0.wp.com\/www.samkankook.com\/wp-content\/uploads\/2020\/02\/about.jpg?fit=1500%2C501&ssl=1\",\"width\":1500,\"height\":501},{\"@type\":\"BreadcrumbList\",\"@id\":\"https:\/\/www.samkankook.com\/fr\/a-propos\/#breadcrumb\",\"itemListElement\":[{\"@type\":\"ListItem\",\"position\":1,\"name\":\"Home\",\"item\":\"https:\/\/www.samkankook.com\/fr\/\"},{\"@type\":\"ListItem\",\"position\":2,\"name\":\"A propos\"}]},{\"@type\":\"WebSite\",\"@id\":\"https:\/\/www.samkankook.com\/fr\/#website\",\"url\":\"https:\/\/www.samkankook.com\/fr\/\",\"name\":\"SamKanKook, Private Chef - Caribbean Fusion Cuisine\",\"description\":\"SamKanKook: Private Chef offering fine tailor-made fusion cuisine experience encapsulating the rich heritage of the Caribbean\",\"publisher\":{\"@id\":\"https:\/\/www.samkankook.com\/fr\/#organization\"},\"potentialAction\":[{\"@type\":\"SearchAction\",\"target\":{\"@type\":\"EntryPoint\",\"urlTemplate\":\"https:\/\/www.samkankook.com\/fr\/?s={search_term_string}\"},\"query-input\":{\"@type\":\"PropertyValueSpecification\",\"valueRequired\":true,\"valueName\":\"search_term_string\"}}],\"inLanguage\":\"fr-FR\"},{\"@type\":\"Organization\",\"@id\":\"https:\/\/www.samkankook.com\/fr\/#organization\",\"name\":\"SamKanKook\",\"url\":\"https:\/\/www.samkankook.com\/fr\/\",\"logo\":{\"@type\":\"ImageObject\",\"inLanguage\":\"fr-FR\",\"@id\":\"https:\/\/www.samkankook.com\/fr\/#\/schema\/logo\/image\/\",\"url\":\"https:\/\/i0.wp.com\/samkankook.com\/wp-content\/uploads\/2019\/12\/logo-skk.jpg?fit=2363%2C2364&ssl=1\",\"contentUrl\":\"https:\/\/i0.wp.com\/samkankook.com\/wp-content\/uploads\/2019\/12\/logo-skk.jpg?fit=2363%2C2364&ssl=1\",\"width\":2363,\"height\":2364,\"caption\":\"SamKanKook\"},\"image\":{\"@id\":\"https:\/\/www.samkankook.com\/fr\/#\/schema\/logo\/image\/\"},\"sameAs\":[\"http:\/\/www.facebook.com\/samkankook1\",\"http:\/\/www.instagram.com\/samkankook\"]}]}<\/script>\n<!-- \/ Yoast SEO plugin. -->","yoast_head_json":{"title":"A propos | SamKanKook, chef priv\u00e9 - cuisine fusion Antillaise","description":"Aujourd'hui, SamKanKook est un collectif de personnes qui ont pour objectif de vous offrir un repas fait maison avec une exp\u00e9rience gastronomique cr\u00e9ative et raffin\u00e9e.","robots":{"index":"index","follow":"follow","max-snippet":"max-snippet:-1","max-image-preview":"max-image-preview:large","max-video-preview":"max-video-preview:-1"},"canonical":"https:\/\/www.samkankook.com\/fr\/a-propos\/","og_locale":"fr_FR","og_type":"article","og_title":"A propos | SamKanKook, chef priv\u00e9 - cuisine fusion Antillaise","og_description":"Aujourd'hui, SamKanKook est un collectif de personnes qui ont pour objectif de vous offrir un repas fait maison avec une exp\u00e9rience gastronomique cr\u00e9ative et raffin\u00e9e.","og_url":"https:\/\/www.samkankook.com\/fr\/a-propos\/","og_site_name":"SamKanKook","article_publisher":"http:\/\/www.facebook.com\/samkankook1","article_modified_time":"2020-02-13T15:02:47+00:00","og_image":[{"width":1500,"height":501,"url":"https:\/\/samkankook.com\/wp-content\/uploads\/2020\/02\/about.jpg","type":"image\/jpeg"}],"twitter_card":"summary_large_image","twitter_misc":{"Dur\u00e9e de lecture estim\u00e9e":"1 minute"},"schema":{"@context":"https:\/\/schema.org","@graph":[{"@type":"WebPage","@id":"https:\/\/www.samkankook.com\/fr\/a-propos\/","url":"https:\/\/www.samkankook.com\/fr\/a-propos\/","name":"A propos | SamKanKook, chef priv\u00e9 - cuisine fusion Antillaise","isPartOf":{"@id":"https:\/\/www.samkankook.com\/fr\/#website"},"primaryImageOfPage":{"@id":"https:\/\/www.samkankook.com\/fr\/a-propos\/#primaryimage"},"image":{"@id":"https:\/\/www.samkankook.com\/fr\/a-propos\/#primaryimage"},"thumbnailUrl":"https:\/\/i0.wp.com\/www.samkankook.com\/wp-content\/uploads\/2020\/02\/about.jpg?fit=1500%2C501&ssl=1","datePublished":"2018-09-01T14:00:39+00:00","dateModified":"2020-02-13T15:02:47+00:00","description":"Aujourd'hui, SamKanKook est un collectif de personnes qui ont pour objectif de vous offrir un repas fait maison avec une exp\u00e9rience gastronomique cr\u00e9ative et raffin\u00e9e.","breadcrumb":{"@id":"https:\/\/www.samkankook.com\/fr\/a-propos\/#breadcrumb"},"inLanguage":"fr-FR","potentialAction":[{"@type":"ReadAction","target":["https:\/\/www.samkankook.com\/fr\/a-propos\/"]}]},{"@type":"ImageObject","inLanguage":"fr-FR","@id":"https:\/\/www.samkankook.com\/fr\/a-propos\/#primaryimage","url":"https:\/\/i0.wp.com\/www.samkankook.com\/wp-content\/uploads\/2020\/02\/about.jpg?fit=1500%2C501&ssl=1","contentUrl":"https:\/\/i0.wp.com\/www.samkankook.com\/wp-content\/uploads\/2020\/02\/about.jpg?fit=1500%2C501&ssl=1","width":1500,"height":501},{"@type":"BreadcrumbList","@id":"https:\/\/www.samkankook.com\/fr\/a-propos\/#breadcrumb","itemListElement":[{"@type":"ListItem","position":1,"name":"Home","item":"https:\/\/www.samkankook.com\/fr\/"},{"@type":"ListItem","position":2,"name":"A propos"}]},{"@type":"WebSite","@id":"https:\/\/www.samkankook.com\/fr\/#website","url":"https:\/\/www.samkankook.com\/fr\/","name":"SamKanKook, Private Chef - Caribbean Fusion Cuisine","description":"SamKanKook: Private Chef offering fine tailor-made fusion cuisine experience encapsulating the rich heritage of the Caribbean","publisher":{"@id":"https:\/\/www.samkankook.com\/fr\/#organization"},"potentialAction":[{"@type":"SearchAction","target":{"@type":"EntryPoint","urlTemplate":"https:\/\/www.samkankook.com\/fr\/?s={search_term_string}"},"query-input":{"@type":"PropertyValueSpecification","valueRequired":true,"valueName":"search_term_string"}}],"inLanguage":"fr-FR"},{"@type":"Organization","@id":"https:\/\/www.samkankook.com\/fr\/#organization","name":"SamKanKook","url":"https:\/\/www.samkankook.com\/fr\/","logo":{"@type":"ImageObject","inLanguage":"fr-FR","@id":"https:\/\/www.samkankook.com\/fr\/#\/schema\/logo\/image\/","url":"https:\/\/i0.wp.com\/samkankook.com\/wp-content\/uploads\/2019\/12\/logo-skk.jpg?fit=2363%2C2364&ssl=1","contentUrl":"https:\/\/i0.wp.com\/samkankook.com\/wp-content\/uploads\/2019\/12\/logo-skk.jpg?fit=2363%2C2364&ssl=1","width":2363,"height":2364,"caption":"SamKanKook"},"image":{"@id":"https:\/\/www.samkankook.com\/fr\/#\/schema\/logo\/image\/"},"sameAs":["http:\/\/www.facebook.com\/samkankook1","http:\/\/www.instagram.com\/samkankook"]}]}},"jetpack_sharing_enabled":true,"_links":{"self":[{"href":"https:\/\/www.samkankook.com\/fr\/wp-json\/wp\/v2\/pages\/570","targetHints":{"allow":["GET"]}}],"collection":[{"href":"https:\/\/www.samkankook.com\/fr\/wp-json\/wp\/v2\/pages"}],"about":[{"href":"https:\/\/www.samkankook.com\/fr\/wp-json\/wp\/v2\/types\/page"}],"author":[{"embeddable":true,"href":"https:\/\/www.samkankook.com\/fr\/wp-json\/wp\/v2\/users\/1"}],"replies":[{"embeddable":true,"href":"https:\/\/www.samkankook.com\/fr\/wp-json\/wp\/v2\/comments?post=570"}],"version-history":[{"count":31,"href":"https:\/\/www.samkankook.com\/fr\/wp-json\/wp\/v2\/pages\/570\/revisions"}],"predecessor-version":[{"id":1667,"href":"https:\/\/www.samkankook.com\/fr\/wp-json\/wp\/v2\/pages\/570\/revisions\/1667"}],"wp:featuredmedia":[{"embeddable":true,"href":"https:\/\/www.samkankook.com\/fr\/wp-json\/wp\/v2\/media\/1688"}],"wp:attachment":[{"href":"https:\/\/www.samkankook.com\/fr\/wp-json\/wp\/v2\/media?parent=570"}],"curies":[{"name":"wp","href":"https:\/\/api.w.org\/{rel}","templated":true}]}}