{"id":1556,"date":"2020-01-18T12:18:23","date_gmt":"2020-01-18T11:18:23","guid":{"rendered":"https:\/\/samkankook.com\/?page_id=1556"},"modified":"2020-02-13T16:03:41","modified_gmt":"2020-02-13T15:03:41","slug":"sa-nou-ka-fe-baw","status":"publish","type":"page","link":"https:\/\/www.samkankook.com\/gp\/sa-nou-ka-fe-baw\/","title":{"rendered":"Sa nou ka f\u00e8 ba z\u00f2t"},"content":{"rendered":"\n<div class=\"wp-block-columns is-layout-flex wp-container-core-columns-is-layout-9d6595d7 wp-block-columns-is-layout-flex\">\n<div class=\"wp-block-column is-layout-flow wp-block-column-is-layout-flow\">\n<p>Samkankook ka menn\u00e9 gran r\u00e8storan a kaz a z\u00f2t.<br>Silon sa zot pisim\u00e9, nou k\u00e9 voy\u00e9 ch\u00e8f an nou owa z\u00f2t. Z\u00f2t k\u00e9 p\u00e9 bl\u00e8z k\u00f2 a z\u00f2t , padavwa s\u00e9 nou kay owganiz\u00e9 tout biten ba z\u00f2t .<\/p>\n\n\n\n<p>\u00c9kip annou kay ba z\u00f2t pla ki pran souf owa l\u00e8spri karib\u00e9en pou bokant\u00e9 \u00e9pi fanmi a z\u00f2t kon zanmi a z\u00f2t. Nou k\u00e9 f\u00e8 tousa kifo pou l\u00e9s\u00e9 kyuizin a z\u00f2t pw\u00f2p, \u00e9 pou pa terboliz\u00e9 z\u00f2t pou \u00e9vennman lasa.&nbsp;<\/p>\n<\/div>\n\n\n\n<div class=\"wp-block-column is-layout-flow wp-block-column-is-layout-flow\">\n<p>Av\u00e8 <strong>Samkankook <\/strong>s\u00e8ten swar\u00e9 a z\u00f2t k\u00e9 ozuil penpan penpan \u00e9 san pwobl\u00e8m, nou p\u00e9 jwen nou pou&nbsp; gad\u00e9 kijan owganizasyon-la &nbsp;k\u00e9 f\u00e8t silon lajan ou p\u00e9 m\u00e9t adan swar\u00e9 lasa. Otila z\u00f2t k\u00e9 p\u00e9 chwazi s\u00e9 pla-la \u00e8v\u00e8 s\u00e9 zengr\u00e9dian-la. nou k\u00e9 f\u00e8 on lis a tousa i adan kyuizin a z\u00f2t pou nou sav sa nou pou pran.<\/p>\n\n\n\n<p>Nou ka s\u00e8vi \u00e9 pwodui lokal lokal, \u00e9pi agrikilt\u00e8 ka travay ban yo menm. Nou sa r\u00e9ponn tout m\u00e8s \u00e9 labitid zot ni \u00e9pi manj\u00e9. Di nou si zot ni on esp\u00e9sialit\u00e9 adan manj\u00e9 a z\u00f2t.<\/p>\n<\/div>\n<\/div>\n","protected":false},"excerpt":{"rendered":"<p>Samkankook ka menn\u00e9 gran r\u00e8storan a kaz a z\u00f2t.Silon sa zot pisim\u00e9, nou k\u00e9 voy\u00e9 ch\u00e8f an nou owa z\u00f2t. Z\u00f2t k\u00e9 p\u00e9 bl\u00e8z k\u00f2 a z\u00f2t , padavwa s\u00e9 nou kay owganiz\u00e9 tout biten ba z\u00f2t . \u00c9kip annou kay ba z\u00f2t pla ki pran souf owa l\u00e8spri karib\u00e9en pou bokant\u00e9 \u00e9pi fanmi a [&hellip;]<\/p>\n","protected":false},"author":344,"featured_media":1690,"parent":0,"menu_order":0,"comment_status":"closed","ping_status":"closed","template":"page-templates\/page-services.php","meta":{"_acf_changed":false,"footnotes":""},"class_list":["post-1556","page","type-page","status-publish","has-post-thumbnail","hentry"],"acf":[],"yoast_head":"<!-- This site is optimized with the Yoast SEO plugin v24.8.1 - https:\/\/yoast.com\/wordpress\/plugins\/seo\/ -->\n<title>Sa nou ka f\u00e8 ba z\u00f2t - SamKanKook<\/title>\n<meta name=\"robots\" content=\"index, follow, max-snippet:-1, max-image-preview:large, max-video-preview:-1\" \/>\n<link rel=\"canonical\" href=\"https:\/\/www.samkankook.com\/gp\/sa-nou-ka-fe-baw\/\" \/>\n<meta property=\"og:locale\" content=\"en_US\" \/>\n<meta property=\"og:type\" content=\"article\" \/>\n<meta property=\"og:title\" content=\"Sa nou ka f\u00e8 ba z\u00f2t - SamKanKook\" \/>\n<meta property=\"og:description\" content=\"Samkankook ka menn\u00e9 gran r\u00e8storan a kaz a z\u00f2t.Silon sa zot pisim\u00e9, nou k\u00e9 voy\u00e9 ch\u00e8f an nou owa z\u00f2t. Z\u00f2t k\u00e9 p\u00e9 bl\u00e8z k\u00f2 a z\u00f2t , padavwa s\u00e9 nou kay owganiz\u00e9 tout biten ba z\u00f2t . \u00c9kip annou kay ba z\u00f2t pla ki pran souf owa l\u00e8spri karib\u00e9en pou bokant\u00e9 \u00e9pi fanmi a [&hellip;]\" \/>\n<meta property=\"og:url\" content=\"https:\/\/www.samkankook.com\/gp\/sa-nou-ka-fe-baw\/\" \/>\n<meta property=\"og:site_name\" content=\"SamKanKook\" \/>\n<meta property=\"article:publisher\" content=\"http:\/\/www.facebook.com\/samkankook1\" \/>\n<meta property=\"article:modified_time\" content=\"2020-02-13T15:03:41+00:00\" \/>\n<meta property=\"og:image\" content=\"https:\/\/samkankook.com\/wp-content\/uploads\/2020\/02\/services.jpg\" \/>\n\t<meta property=\"og:image:width\" content=\"1080\" \/>\n\t<meta property=\"og:image:height\" content=\"361\" \/>\n\t<meta property=\"og:image:type\" content=\"image\/jpeg\" \/>\n<meta name=\"twitter:card\" content=\"summary_large_image\" \/>\n<meta name=\"twitter:label1\" content=\"Est. reading time\" \/>\n\t<meta name=\"twitter:data1\" content=\"1 minute\" \/>\n<script type=\"application\/ld+json\" class=\"yoast-schema-graph\">{\"@context\":\"https:\/\/schema.org\",\"@graph\":[{\"@type\":\"WebPage\",\"@id\":\"https:\/\/www.samkankook.com\/gp\/sa-nou-ka-fe-baw\/\",\"url\":\"https:\/\/www.samkankook.com\/gp\/sa-nou-ka-fe-baw\/\",\"name\":\"Sa nou ka f\u00e8 ba z\u00f2t - SamKanKook\",\"isPartOf\":{\"@id\":\"https:\/\/www.samkankook.com\/gp\/#website\"},\"primaryImageOfPage\":{\"@id\":\"https:\/\/www.samkankook.com\/gp\/sa-nou-ka-fe-baw\/#primaryimage\"},\"image\":{\"@id\":\"https:\/\/www.samkankook.com\/gp\/sa-nou-ka-fe-baw\/#primaryimage\"},\"thumbnailUrl\":\"https:\/\/i0.wp.com\/www.samkankook.com\/wp-content\/uploads\/2020\/02\/services.jpg?fit=1080%2C361&ssl=1\",\"datePublished\":\"2020-01-18T11:18:23+00:00\",\"dateModified\":\"2020-02-13T15:03:41+00:00\",\"breadcrumb\":{\"@id\":\"https:\/\/www.samkankook.com\/gp\/sa-nou-ka-fe-baw\/#breadcrumb\"},\"inLanguage\":\"gp-GP\",\"potentialAction\":[{\"@type\":\"ReadAction\",\"target\":[\"https:\/\/www.samkankook.com\/gp\/sa-nou-ka-fe-baw\/\"]}]},{\"@type\":\"ImageObject\",\"inLanguage\":\"gp-GP\",\"@id\":\"https:\/\/www.samkankook.com\/gp\/sa-nou-ka-fe-baw\/#primaryimage\",\"url\":\"https:\/\/i0.wp.com\/www.samkankook.com\/wp-content\/uploads\/2020\/02\/services.jpg?fit=1080%2C361&ssl=1\",\"contentUrl\":\"https:\/\/i0.wp.com\/www.samkankook.com\/wp-content\/uploads\/2020\/02\/services.jpg?fit=1080%2C361&ssl=1\",\"width\":1080,\"height\":361},{\"@type\":\"BreadcrumbList\",\"@id\":\"https:\/\/www.samkankook.com\/gp\/sa-nou-ka-fe-baw\/#breadcrumb\",\"itemListElement\":[{\"@type\":\"ListItem\",\"position\":1,\"name\":\"Home\",\"item\":\"https:\/\/www.samkankook.com\/gp\/home\/\"},{\"@type\":\"ListItem\",\"position\":2,\"name\":\"Sa nou ka f\u00e8 ba z\u00f2t\"}]},{\"@type\":\"WebSite\",\"@id\":\"https:\/\/www.samkankook.com\/gp\/#website\",\"url\":\"https:\/\/www.samkankook.com\/gp\/\",\"name\":\"SamKanKook, Private Chef - Caribbean Fusion Cuisine\",\"description\":\"SamKanKook: Private Chef offering fine tailor-made fusion cuisine experience encapsulating the rich heritage of the Caribbean\",\"publisher\":{\"@id\":\"https:\/\/www.samkankook.com\/gp\/#organization\"},\"potentialAction\":[{\"@type\":\"SearchAction\",\"target\":{\"@type\":\"EntryPoint\",\"urlTemplate\":\"https:\/\/www.samkankook.com\/gp\/?s={search_term_string}\"},\"query-input\":{\"@type\":\"PropertyValueSpecification\",\"valueRequired\":true,\"valueName\":\"search_term_string\"}}],\"inLanguage\":\"gp-GP\"},{\"@type\":\"Organization\",\"@id\":\"https:\/\/www.samkankook.com\/gp\/#organization\",\"name\":\"SamKanKook\",\"url\":\"https:\/\/www.samkankook.com\/gp\/\",\"logo\":{\"@type\":\"ImageObject\",\"inLanguage\":\"gp-GP\",\"@id\":\"https:\/\/www.samkankook.com\/gp\/#\/schema\/logo\/image\/\",\"url\":\"https:\/\/i0.wp.com\/samkankook.com\/wp-content\/uploads\/2019\/12\/logo-skk.jpg?fit=2363%2C2364&ssl=1\",\"contentUrl\":\"https:\/\/i0.wp.com\/samkankook.com\/wp-content\/uploads\/2019\/12\/logo-skk.jpg?fit=2363%2C2364&ssl=1\",\"width\":2363,\"height\":2364,\"caption\":\"SamKanKook\"},\"image\":{\"@id\":\"https:\/\/www.samkankook.com\/gp\/#\/schema\/logo\/image\/\"},\"sameAs\":[\"http:\/\/www.facebook.com\/samkankook1\",\"http:\/\/www.instagram.com\/samkankook\"]}]}<\/script>\n<!-- \/ Yoast SEO plugin. -->","yoast_head_json":{"title":"Sa nou ka f\u00e8 ba z\u00f2t - SamKanKook","robots":{"index":"index","follow":"follow","max-snippet":"max-snippet:-1","max-image-preview":"max-image-preview:large","max-video-preview":"max-video-preview:-1"},"canonical":"https:\/\/www.samkankook.com\/gp\/sa-nou-ka-fe-baw\/","og_locale":"en_US","og_type":"article","og_title":"Sa nou ka f\u00e8 ba z\u00f2t - SamKanKook","og_description":"Samkankook ka menn\u00e9 gran r\u00e8storan a kaz a z\u00f2t.Silon sa zot pisim\u00e9, nou k\u00e9 voy\u00e9 ch\u00e8f an nou owa z\u00f2t. Z\u00f2t k\u00e9 p\u00e9 bl\u00e8z k\u00f2 a z\u00f2t , padavwa s\u00e9 nou kay owganiz\u00e9 tout biten ba z\u00f2t . \u00c9kip annou kay ba z\u00f2t pla ki pran souf owa l\u00e8spri karib\u00e9en pou bokant\u00e9 \u00e9pi fanmi a [&hellip;]","og_url":"https:\/\/www.samkankook.com\/gp\/sa-nou-ka-fe-baw\/","og_site_name":"SamKanKook","article_publisher":"http:\/\/www.facebook.com\/samkankook1","article_modified_time":"2020-02-13T15:03:41+00:00","og_image":[{"width":1080,"height":361,"url":"https:\/\/samkankook.com\/wp-content\/uploads\/2020\/02\/services.jpg","type":"image\/jpeg"}],"twitter_card":"summary_large_image","twitter_misc":{"Est. reading time":"1 minute"},"schema":{"@context":"https:\/\/schema.org","@graph":[{"@type":"WebPage","@id":"https:\/\/www.samkankook.com\/gp\/sa-nou-ka-fe-baw\/","url":"https:\/\/www.samkankook.com\/gp\/sa-nou-ka-fe-baw\/","name":"Sa nou ka f\u00e8 ba z\u00f2t - SamKanKook","isPartOf":{"@id":"https:\/\/www.samkankook.com\/gp\/#website"},"primaryImageOfPage":{"@id":"https:\/\/www.samkankook.com\/gp\/sa-nou-ka-fe-baw\/#primaryimage"},"image":{"@id":"https:\/\/www.samkankook.com\/gp\/sa-nou-ka-fe-baw\/#primaryimage"},"thumbnailUrl":"https:\/\/i0.wp.com\/www.samkankook.com\/wp-content\/uploads\/2020\/02\/services.jpg?fit=1080%2C361&ssl=1","datePublished":"2020-01-18T11:18:23+00:00","dateModified":"2020-02-13T15:03:41+00:00","breadcrumb":{"@id":"https:\/\/www.samkankook.com\/gp\/sa-nou-ka-fe-baw\/#breadcrumb"},"inLanguage":"gp-GP","potentialAction":[{"@type":"ReadAction","target":["https:\/\/www.samkankook.com\/gp\/sa-nou-ka-fe-baw\/"]}]},{"@type":"ImageObject","inLanguage":"gp-GP","@id":"https:\/\/www.samkankook.com\/gp\/sa-nou-ka-fe-baw\/#primaryimage","url":"https:\/\/i0.wp.com\/www.samkankook.com\/wp-content\/uploads\/2020\/02\/services.jpg?fit=1080%2C361&ssl=1","contentUrl":"https:\/\/i0.wp.com\/www.samkankook.com\/wp-content\/uploads\/2020\/02\/services.jpg?fit=1080%2C361&ssl=1","width":1080,"height":361},{"@type":"BreadcrumbList","@id":"https:\/\/www.samkankook.com\/gp\/sa-nou-ka-fe-baw\/#breadcrumb","itemListElement":[{"@type":"ListItem","position":1,"name":"Home","item":"https:\/\/www.samkankook.com\/gp\/home\/"},{"@type":"ListItem","position":2,"name":"Sa nou ka f\u00e8 ba z\u00f2t"}]},{"@type":"WebSite","@id":"https:\/\/www.samkankook.com\/gp\/#website","url":"https:\/\/www.samkankook.com\/gp\/","name":"SamKanKook, Private Chef - Caribbean Fusion Cuisine","description":"SamKanKook: Private Chef offering fine tailor-made fusion cuisine experience encapsulating the rich heritage of the Caribbean","publisher":{"@id":"https:\/\/www.samkankook.com\/gp\/#organization"},"potentialAction":[{"@type":"SearchAction","target":{"@type":"EntryPoint","urlTemplate":"https:\/\/www.samkankook.com\/gp\/?s={search_term_string}"},"query-input":{"@type":"PropertyValueSpecification","valueRequired":true,"valueName":"search_term_string"}}],"inLanguage":"gp-GP"},{"@type":"Organization","@id":"https:\/\/www.samkankook.com\/gp\/#organization","name":"SamKanKook","url":"https:\/\/www.samkankook.com\/gp\/","logo":{"@type":"ImageObject","inLanguage":"gp-GP","@id":"https:\/\/www.samkankook.com\/gp\/#\/schema\/logo\/image\/","url":"https:\/\/i0.wp.com\/samkankook.com\/wp-content\/uploads\/2019\/12\/logo-skk.jpg?fit=2363%2C2364&ssl=1","contentUrl":"https:\/\/i0.wp.com\/samkankook.com\/wp-content\/uploads\/2019\/12\/logo-skk.jpg?fit=2363%2C2364&ssl=1","width":2363,"height":2364,"caption":"SamKanKook"},"image":{"@id":"https:\/\/www.samkankook.com\/gp\/#\/schema\/logo\/image\/"},"sameAs":["http:\/\/www.facebook.com\/samkankook1","http:\/\/www.instagram.com\/samkankook"]}]}},"jetpack_sharing_enabled":true,"_links":{"self":[{"href":"https:\/\/www.samkankook.com\/gp\/wp-json\/wp\/v2\/pages\/1556","targetHints":{"allow":["GET"]}}],"collection":[{"href":"https:\/\/www.samkankook.com\/gp\/wp-json\/wp\/v2\/pages"}],"about":[{"href":"https:\/\/www.samkankook.com\/gp\/wp-json\/wp\/v2\/types\/page"}],"author":[{"embeddable":true,"href":"https:\/\/www.samkankook.com\/gp\/wp-json\/wp\/v2\/users\/344"}],"replies":[{"embeddable":true,"href":"https:\/\/www.samkankook.com\/gp\/wp-json\/wp\/v2\/comments?post=1556"}],"version-history":[{"count":5,"href":"https:\/\/www.samkankook.com\/gp\/wp-json\/wp\/v2\/pages\/1556\/revisions"}],"predecessor-version":[{"id":1693,"href":"https:\/\/www.samkankook.com\/gp\/wp-json\/wp\/v2\/pages\/1556\/revisions\/1693"}],"wp:featuredmedia":[{"embeddable":true,"href":"https:\/\/www.samkankook.com\/gp\/wp-json\/wp\/v2\/media\/1690"}],"wp:attachment":[{"href":"https:\/\/www.samkankook.com\/gp\/wp-json\/wp\/v2\/media?parent=1556"}],"curies":[{"name":"wp","href":"https:\/\/api.w.org\/{rel}","templated":true}]}}