{"id":1596,"date":"2020-01-31T18:09:04","date_gmt":"2020-01-31T17:09:04","guid":{"rendered":"https:\/\/samkankook.com\/?page_id=1596"},"modified":"2025-04-24T22:34:16","modified_gmt":"2025-04-24T20:34:16","slug":"contact","status":"publish","type":"page","link":"https:\/\/www.samkankook.com\/gp\/contact\/","title":{"rendered":"Kontak"},"content":{"rendered":"\n<p>Si ou bizwen on lenf\u00f2masyon otila ou t\u00e9 ni k\u00e8ksyon s\u00e9 ranpli f\u00f2wmil\u00e8 anba a paj-la \u00e9 voy\u00e9-y owa <a href=\"mailto:contact@samkankook.com\">contact@samkankook.com<\/a> .<\/p>\n\n\n\n<div class=\"wpforms-container wpforms-container-full\" id=\"wpforms-1660\"><form id=\"wpforms-form-1660\" class=\"wpforms-validate wpforms-form\" data-formid=\"1660\" method=\"post\" enctype=\"multipart\/form-data\" action=\"\/gp\/wp-json\/wp\/v2\/pages\/1596\"><div class=\"wpforms-field-container\"><div id=\"wpforms-1660-field_10-container\" class=\"wpforms-field wpforms-field-divider\" data-field-id=\"10\"><h3 id=\"wpforms-1660-field_10\" name=\"wpforms[fields][10]\">Lenf\u00f2wmasyon asiw<\/h3><\/div><div id=\"wpforms-1660-field_1-container\" class=\"wpforms-field wpforms-field-email skk-half\" data-field-id=\"1\"><label class=\"wpforms-field-label\" for=\"wpforms-1660-field_1\">Adr\u00e8s m\u00e9l <span class=\"wpforms-required-label\">*<\/span><\/label><input type=\"email\" id=\"wpforms-1660-field_1\" class=\"wpforms-field-medium wpforms-field-required\" name=\"wpforms[fields][1]\" required><\/div><div id=\"wpforms-1660-field_5-container\" class=\"wpforms-field wpforms-field-name\" data-field-id=\"5\"><label class=\"wpforms-field-label\" for=\"wpforms-1660-field_5\">Tinon \u00e9 Non <span class=\"wpforms-required-label\">*<\/span><\/label><div class=\"wpforms-field-row wpforms-field-medium\"><div class=\"wpforms-field-row-block wpforms-first wpforms-one-half\"><input type=\"text\" id=\"wpforms-1660-field_5\" class=\"wpforms-field-name-first wpforms-field-required\" name=\"wpforms[fields][5][first]\" placeholder=\"Tinon\" required><label for=\"wpforms-1660-field_5\" class=\"wpforms-field-sublabel after wpforms-sublabel-hide\">First<\/label><\/div><div class=\"wpforms-field-row-block wpforms-one-half\"><input type=\"text\" id=\"wpforms-1660-field_5-last\" class=\"wpforms-field-name-last wpforms-field-required\" name=\"wpforms[fields][5][last]\" placeholder=\"Non\" required><label for=\"wpforms-1660-field_5-last\" class=\"wpforms-field-sublabel after wpforms-sublabel-hide\">Last<\/label><\/div><\/div><\/div><div id=\"wpforms-1660-field_18-container\" class=\"wpforms-field wpforms-field-phone skk-half\" data-field-id=\"18\"><label class=\"wpforms-field-label\" for=\"wpforms-1660-field_18\">Lim\u00e9ro<\/label><input type=\"tel\" id=\"wpforms-1660-field_18\" class=\"wpforms-field-medium wpforms-smart-phone-field\" data-rule-smart-phone-field=\"true\" name=\"wpforms[fields][18]\" ><\/div><div id=\"wpforms-1660-field_6-container\" class=\"wpforms-field wpforms-field-radio wpforms-list-inline\" data-field-id=\"6\"><label class=\"wpforms-field-label\" for=\"wpforms-1660-field_6\">An pisim\u00e9 yo jwen mwen asi<\/label><ul id=\"wpforms-1660-field_6\"><li class=\"choice-1 depth-1\"><input type=\"radio\" id=\"wpforms-1660-field_6_1\" name=\"wpforms[fields][6]\" value=\"Adr\u00e8s m\u00e9l\"  ><label class=\"wpforms-field-label-inline\" for=\"wpforms-1660-field_6_1\">Adr\u00e8s m\u00e9l<\/label><\/li><li class=\"choice-2 depth-1\"><input type=\"radio\" id=\"wpforms-1660-field_6_2\" name=\"wpforms[fields][6]\" value=\"T\u00e9l\u00e9f\u00f2n\"  ><label class=\"wpforms-field-label-inline\" for=\"wpforms-1660-field_6_2\">T\u00e9l\u00e9f\u00f2n<\/label><\/li><\/ul><\/div><div id=\"wpforms-1660-field_11-container\" class=\"wpforms-field wpforms-field-divider\" data-field-id=\"11\"><h3 id=\"wpforms-1660-field_11\" name=\"wpforms[fields][11]\">Pr\u00e9siz\u00e9 ki kalt\u00e9 evennman la<\/h3><\/div><div id=\"wpforms-1660-field_7-container\" class=\"wpforms-field wpforms-field-radio wpforms-list-inline\" data-field-id=\"7\"><label class=\"wpforms-field-label\" for=\"wpforms-1660-field_7\">Pr\u00e9siz\u00e9 ki kalt\u00e9 evennman<\/label><ul id=\"wpforms-1660-field_7\"><li class=\"choice-1 depth-1\"><input type=\"radio\" id=\"wpforms-1660-field_7_1\" name=\"wpforms[fields][7]\" value=\"Priv\u00e9\"  ><label class=\"wpforms-field-label-inline\" for=\"wpforms-1660-field_7_1\">Priv\u00e9<\/label><\/li><li class=\"choice-2 depth-1\"><input type=\"radio\" id=\"wpforms-1660-field_7_2\" name=\"wpforms[fields][7]\" value=\"Pwof\u00e9syon\u00e8l\"  ><label class=\"wpforms-field-label-inline\" for=\"wpforms-1660-field_7_2\">Pwof\u00e9syon\u00e8l<\/label><\/li><\/ul><\/div><div id=\"wpforms-1660-field_8-container\" class=\"wpforms-field wpforms-field-date-time\" data-field-id=\"8\"><label class=\"wpforms-field-label\" for=\"wpforms-1660-field_8\">Dat \u00e9 L\u00e8<\/label><div class=\"wpforms-field-row wpforms-field-medium\"><div class=\"wpforms-field-row-block wpforms-one-half wpforms-first\"><input type=\"text\" id=\"wpforms-1660-field_8\" class=\"wpforms-field-date-time-date wpforms-datepicker\" data-date-format=\"m\/d\/Y\" name=\"wpforms[fields][8][date]\" placeholder=\"mm\/dd\/YYYY\" ><label for=\"wpforms-1660-field_8\" class=\"wpforms-field-sublabel after \">Date<\/label><\/div><div class=\"wpforms-field-row-block wpforms-one-half\"><input type=\"text\" id=\"wpforms-1660-field_8-time\" class=\"wpforms-field-date-time-time wpforms-timepicker\" data-rule-time24h=\"true\" data-time-format=\"H:i\" data-step=\"60\" name=\"wpforms[fields][8][time]\" ><label for=\"wpforms-1660-field_8-time\" class=\"wpforms-field-sublabel after \">Time<\/label><\/div><\/div><\/div><div id=\"wpforms-1660-field_3-container\" class=\"wpforms-field wpforms-field-number skk-half\" data-field-id=\"3\"><label class=\"wpforms-field-label\" for=\"wpforms-1660-field_3\">Konmen moun<\/label><input type=\"number\" pattern=\"[0-9]*\" id=\"wpforms-1660-field_3\" class=\"wpforms-field-medium\" name=\"wpforms[fields][3]\" placeholder=\"pas\u00e9 10 lann\u00e9\" ><\/div><div id=\"wpforms-1660-field_14-container\" class=\"wpforms-field wpforms-field-number skk-half\" data-field-id=\"14\"><label class=\"wpforms-field-label\" for=\"wpforms-1660-field_14\">Bidj\u00e8 pa moun<\/label><input type=\"number\" pattern=\"[0-9]*\" id=\"wpforms-1660-field_14\" class=\"wpforms-field-medium\" name=\"wpforms[fields][14]\" ><\/div><div id=\"wpforms-1660-field_12-container\" class=\"wpforms-field wpforms-field-divider\" data-field-id=\"12\"><h3 id=\"wpforms-1660-field_12\" name=\"wpforms[fields][12]\">Ka ki m\u00e8s \u00e9 labitid aw adan manj\u00e9<\/h3><\/div><div id=\"wpforms-1660-field_9-container\" class=\"wpforms-field wpforms-field-text\" data-field-id=\"9\"><label class=\"wpforms-field-label\" for=\"wpforms-1660-field_9\">Kijan a r\u00e8pa-la (siz\u00e9, bif\u00e9, ap\u00e9ritif,...)<\/label><input type=\"text\" id=\"wpforms-1660-field_9\" class=\"wpforms-field-medium\" name=\"wpforms[fields][9]\" ><\/div><div id=\"wpforms-1660-field_17-container\" class=\"wpforms-field wpforms-field-text\" data-field-id=\"17\"><label class=\"wpforms-field-label\" for=\"wpforms-1660-field_17\">Kijan ou ka manj\u00e9 \u00e9 ka ou p\u00e9 pa manj\u00e9 (halal , kasher, v\u00e9g\u00e9talien, san glut\u00e8n,...)<\/label><input type=\"text\" id=\"wpforms-1660-field_17\" class=\"wpforms-field-medium\" name=\"wpforms[fields][17]\" ><\/div><div id=\"wpforms-1660-field_16-container\" class=\"wpforms-field wpforms-field-divider\" data-field-id=\"16\"><h3 id=\"wpforms-1660-field_16\" name=\"wpforms[fields][16]\">D\u00e9 timo<\/h3><\/div><div id=\"wpforms-1660-field_2-container\" class=\"wpforms-field wpforms-field-textarea\" data-field-id=\"2\"><label class=\"wpforms-field-label\" for=\"wpforms-1660-field_2\">Si tini d\u00e9 pr\u00e9sizyon oben d\u00e9 timo z\u00f2t t\u00e9 vl\u00e9 bannou pou konpl\u00e9t\u00e9 f\u00f2wmil\u00e8-la mak\u00e9-y la<\/label><textarea id=\"wpforms-1660-field_2\" class=\"wpforms-field-medium\" name=\"wpforms[fields][2]\" ><\/textarea><\/div><\/div><div class=\"wpforms-field wpforms-field-hp\"><label for=\"wpforms-1660-field-hp\" class=\"wpforms-field-label\">Comment<\/label><input type=\"text\" name=\"wpforms[hp]\" id=\"wpforms-1660-field-hp\" class=\"wpforms-field-medium\"><\/div><div class=\"wpforms-submit-container\" ><input type=\"hidden\" name=\"wpforms[id]\" value=\"1660\"><input type=\"hidden\" name=\"wpforms[author]\" value=\"344\"><button type=\"submit\" name=\"wpforms[submit]\" class=\"wpforms-submit \" id=\"wpforms-submit-1660\" value=\"wpforms-submit\" aria-live=\"assertive\" data-alt-text=\"Voy\u00e9...\" data-submit-text=\"Voy\u00e9\">Voy\u00e9<\/button><\/div><\/form><\/div>  <!-- .wpforms-container -->\n","protected":false},"excerpt":{"rendered":"<p>Si ou bizwen on lenf\u00f2masyon otila ou t\u00e9 ni k\u00e8ksyon s\u00e9 ranpli f\u00f2wmil\u00e8 anba a paj-la \u00e9 voy\u00e9-y owa contact@samkankook.com .<\/p>\n","protected":false},"author":344,"featured_media":1684,"parent":0,"menu_order":0,"comment_status":"closed","ping_status":"closed","template":"page-templates\/page-contact.php","meta":{"_acf_changed":false,"footnotes":""},"class_list":["post-1596","page","type-page","status-publish","has-post-thumbnail","hentry"],"acf":[],"yoast_head":"<!-- This site is optimized with the Yoast SEO plugin v24.8.1 - https:\/\/yoast.com\/wordpress\/plugins\/seo\/ -->\n<title>Kontak - SamKanKook<\/title>\n<meta name=\"robots\" content=\"index, follow, max-snippet:-1, max-image-preview:large, max-video-preview:-1\" \/>\n<link rel=\"canonical\" href=\"https:\/\/www.samkankook.com\/gp\/contact\/\" \/>\n<meta property=\"og:locale\" content=\"en_US\" \/>\n<meta property=\"og:type\" content=\"article\" \/>\n<meta property=\"og:title\" content=\"Kontak - SamKanKook\" \/>\n<meta property=\"og:description\" content=\"Si ou bizwen on lenf\u00f2masyon otila ou t\u00e9 ni k\u00e8ksyon s\u00e9 ranpli f\u00f2wmil\u00e8 anba a paj-la \u00e9 voy\u00e9-y owa contact@samkankook.com .\" \/>\n<meta property=\"og:url\" content=\"https:\/\/www.samkankook.com\/gp\/contact\/\" \/>\n<meta property=\"og:site_name\" content=\"SamKanKook\" \/>\n<meta property=\"article:publisher\" content=\"http:\/\/www.facebook.com\/samkankook1\" \/>\n<meta property=\"article:modified_time\" content=\"2025-04-24T20:34:16+00:00\" \/>\n<meta property=\"og:image\" content=\"https:\/\/www.samkankook.com\/wp-content\/uploads\/2020\/02\/contact.jpg\" \/>\n\t<meta property=\"og:image:width\" content=\"1436\" \/>\n\t<meta property=\"og:image:height\" content=\"478\" \/>\n\t<meta property=\"og:image:type\" content=\"image\/jpeg\" \/>\n<meta name=\"twitter:card\" content=\"summary_large_image\" \/>\n<meta name=\"twitter:label1\" content=\"Est. reading time\" \/>\n\t<meta name=\"twitter:data1\" content=\"1 minute\" \/>\n<script type=\"application\/ld+json\" class=\"yoast-schema-graph\">{\"@context\":\"https:\/\/schema.org\",\"@graph\":[{\"@type\":\"WebPage\",\"@id\":\"https:\/\/www.samkankook.com\/gp\/contact\/\",\"url\":\"https:\/\/www.samkankook.com\/gp\/contact\/\",\"name\":\"Kontak - SamKanKook\",\"isPartOf\":{\"@id\":\"https:\/\/www.samkankook.com\/gp\/#website\"},\"primaryImageOfPage\":{\"@id\":\"https:\/\/www.samkankook.com\/gp\/contact\/#primaryimage\"},\"image\":{\"@id\":\"https:\/\/www.samkankook.com\/gp\/contact\/#primaryimage\"},\"thumbnailUrl\":\"https:\/\/i0.wp.com\/www.samkankook.com\/wp-content\/uploads\/2020\/02\/contact.jpg?fit=1436%2C478&ssl=1\",\"datePublished\":\"2020-01-31T17:09:04+00:00\",\"dateModified\":\"2025-04-24T20:34:16+00:00\",\"breadcrumb\":{\"@id\":\"https:\/\/www.samkankook.com\/gp\/contact\/#breadcrumb\"},\"inLanguage\":\"gp-GP\",\"potentialAction\":[{\"@type\":\"ReadAction\",\"target\":[\"https:\/\/www.samkankook.com\/gp\/contact\/\"]}]},{\"@type\":\"ImageObject\",\"inLanguage\":\"gp-GP\",\"@id\":\"https:\/\/www.samkankook.com\/gp\/contact\/#primaryimage\",\"url\":\"https:\/\/i0.wp.com\/www.samkankook.com\/wp-content\/uploads\/2020\/02\/contact.jpg?fit=1436%2C478&ssl=1\",\"contentUrl\":\"https:\/\/i0.wp.com\/www.samkankook.com\/wp-content\/uploads\/2020\/02\/contact.jpg?fit=1436%2C478&ssl=1\",\"width\":1436,\"height\":478},{\"@type\":\"BreadcrumbList\",\"@id\":\"https:\/\/www.samkankook.com\/gp\/contact\/#breadcrumb\",\"itemListElement\":[{\"@type\":\"ListItem\",\"position\":1,\"name\":\"Home\",\"item\":\"https:\/\/www.samkankook.com\/gp\/home\/\"},{\"@type\":\"ListItem\",\"position\":2,\"name\":\"Kontak\"}]},{\"@type\":\"WebSite\",\"@id\":\"https:\/\/www.samkankook.com\/gp\/#website\",\"url\":\"https:\/\/www.samkankook.com\/gp\/\",\"name\":\"SamKanKook, Private Chef - Caribbean Fusion Cuisine\",\"description\":\"SamKanKook: Private Chef offering fine tailor-made fusion cuisine experience encapsulating the rich heritage of the Caribbean\",\"publisher\":{\"@id\":\"https:\/\/www.samkankook.com\/gp\/#organization\"},\"potentialAction\":[{\"@type\":\"SearchAction\",\"target\":{\"@type\":\"EntryPoint\",\"urlTemplate\":\"https:\/\/www.samkankook.com\/gp\/?s={search_term_string}\"},\"query-input\":{\"@type\":\"PropertyValueSpecification\",\"valueRequired\":true,\"valueName\":\"search_term_string\"}}],\"inLanguage\":\"gp-GP\"},{\"@type\":\"Organization\",\"@id\":\"https:\/\/www.samkankook.com\/gp\/#organization\",\"name\":\"SamKanKook\",\"url\":\"https:\/\/www.samkankook.com\/gp\/\",\"logo\":{\"@type\":\"ImageObject\",\"inLanguage\":\"gp-GP\",\"@id\":\"https:\/\/www.samkankook.com\/gp\/#\/schema\/logo\/image\/\",\"url\":\"https:\/\/i0.wp.com\/samkankook.com\/wp-content\/uploads\/2019\/12\/logo-skk.jpg?fit=2363%2C2364&ssl=1\",\"contentUrl\":\"https:\/\/i0.wp.com\/samkankook.com\/wp-content\/uploads\/2019\/12\/logo-skk.jpg?fit=2363%2C2364&ssl=1\",\"width\":2363,\"height\":2364,\"caption\":\"SamKanKook\"},\"image\":{\"@id\":\"https:\/\/www.samkankook.com\/gp\/#\/schema\/logo\/image\/\"},\"sameAs\":[\"http:\/\/www.facebook.com\/samkankook1\",\"http:\/\/www.instagram.com\/samkankook\"]}]}<\/script>\n<!-- \/ Yoast SEO plugin. -->","yoast_head_json":{"title":"Kontak - SamKanKook","robots":{"index":"index","follow":"follow","max-snippet":"max-snippet:-1","max-image-preview":"max-image-preview:large","max-video-preview":"max-video-preview:-1"},"canonical":"https:\/\/www.samkankook.com\/gp\/contact\/","og_locale":"en_US","og_type":"article","og_title":"Kontak - SamKanKook","og_description":"Si ou bizwen on lenf\u00f2masyon otila ou t\u00e9 ni k\u00e8ksyon s\u00e9 ranpli f\u00f2wmil\u00e8 anba a paj-la \u00e9 voy\u00e9-y owa contact@samkankook.com .","og_url":"https:\/\/www.samkankook.com\/gp\/contact\/","og_site_name":"SamKanKook","article_publisher":"http:\/\/www.facebook.com\/samkankook1","article_modified_time":"2025-04-24T20:34:16+00:00","og_image":[{"width":1436,"height":478,"url":"https:\/\/www.samkankook.com\/wp-content\/uploads\/2020\/02\/contact.jpg","type":"image\/jpeg"}],"twitter_card":"summary_large_image","twitter_misc":{"Est. reading time":"1 minute"},"schema":{"@context":"https:\/\/schema.org","@graph":[{"@type":"WebPage","@id":"https:\/\/www.samkankook.com\/gp\/contact\/","url":"https:\/\/www.samkankook.com\/gp\/contact\/","name":"Kontak - SamKanKook","isPartOf":{"@id":"https:\/\/www.samkankook.com\/gp\/#website"},"primaryImageOfPage":{"@id":"https:\/\/www.samkankook.com\/gp\/contact\/#primaryimage"},"image":{"@id":"https:\/\/www.samkankook.com\/gp\/contact\/#primaryimage"},"thumbnailUrl":"https:\/\/i0.wp.com\/www.samkankook.com\/wp-content\/uploads\/2020\/02\/contact.jpg?fit=1436%2C478&ssl=1","datePublished":"2020-01-31T17:09:04+00:00","dateModified":"2025-04-24T20:34:16+00:00","breadcrumb":{"@id":"https:\/\/www.samkankook.com\/gp\/contact\/#breadcrumb"},"inLanguage":"gp-GP","potentialAction":[{"@type":"ReadAction","target":["https:\/\/www.samkankook.com\/gp\/contact\/"]}]},{"@type":"ImageObject","inLanguage":"gp-GP","@id":"https:\/\/www.samkankook.com\/gp\/contact\/#primaryimage","url":"https:\/\/i0.wp.com\/www.samkankook.com\/wp-content\/uploads\/2020\/02\/contact.jpg?fit=1436%2C478&ssl=1","contentUrl":"https:\/\/i0.wp.com\/www.samkankook.com\/wp-content\/uploads\/2020\/02\/contact.jpg?fit=1436%2C478&ssl=1","width":1436,"height":478},{"@type":"BreadcrumbList","@id":"https:\/\/www.samkankook.com\/gp\/contact\/#breadcrumb","itemListElement":[{"@type":"ListItem","position":1,"name":"Home","item":"https:\/\/www.samkankook.com\/gp\/home\/"},{"@type":"ListItem","position":2,"name":"Kontak"}]},{"@type":"WebSite","@id":"https:\/\/www.samkankook.com\/gp\/#website","url":"https:\/\/www.samkankook.com\/gp\/","name":"SamKanKook, Private Chef - Caribbean Fusion Cuisine","description":"SamKanKook: Private Chef offering fine tailor-made fusion cuisine experience encapsulating the rich heritage of the Caribbean","publisher":{"@id":"https:\/\/www.samkankook.com\/gp\/#organization"},"potentialAction":[{"@type":"SearchAction","target":{"@type":"EntryPoint","urlTemplate":"https:\/\/www.samkankook.com\/gp\/?s={search_term_string}"},"query-input":{"@type":"PropertyValueSpecification","valueRequired":true,"valueName":"search_term_string"}}],"inLanguage":"gp-GP"},{"@type":"Organization","@id":"https:\/\/www.samkankook.com\/gp\/#organization","name":"SamKanKook","url":"https:\/\/www.samkankook.com\/gp\/","logo":{"@type":"ImageObject","inLanguage":"gp-GP","@id":"https:\/\/www.samkankook.com\/gp\/#\/schema\/logo\/image\/","url":"https:\/\/i0.wp.com\/samkankook.com\/wp-content\/uploads\/2019\/12\/logo-skk.jpg?fit=2363%2C2364&ssl=1","contentUrl":"https:\/\/i0.wp.com\/samkankook.com\/wp-content\/uploads\/2019\/12\/logo-skk.jpg?fit=2363%2C2364&ssl=1","width":2363,"height":2364,"caption":"SamKanKook"},"image":{"@id":"https:\/\/www.samkankook.com\/gp\/#\/schema\/logo\/image\/"},"sameAs":["http:\/\/www.facebook.com\/samkankook1","http:\/\/www.instagram.com\/samkankook"]}]}},"jetpack_sharing_enabled":true,"_links":{"self":[{"href":"https:\/\/www.samkankook.com\/gp\/wp-json\/wp\/v2\/pages\/1596","targetHints":{"allow":["GET"]}}],"collection":[{"href":"https:\/\/www.samkankook.com\/gp\/wp-json\/wp\/v2\/pages"}],"about":[{"href":"https:\/\/www.samkankook.com\/gp\/wp-json\/wp\/v2\/types\/page"}],"author":[{"embeddable":true,"href":"https:\/\/www.samkankook.com\/gp\/wp-json\/wp\/v2\/users\/344"}],"replies":[{"embeddable":true,"href":"https:\/\/www.samkankook.com\/gp\/wp-json\/wp\/v2\/comments?post=1596"}],"version-history":[{"count":10,"href":"https:\/\/www.samkankook.com\/gp\/wp-json\/wp\/v2\/pages\/1596\/revisions"}],"predecessor-version":[{"id":2397,"href":"https:\/\/www.samkankook.com\/gp\/wp-json\/wp\/v2\/pages\/1596\/revisions\/2397"}],"wp:featuredmedia":[{"embeddable":true,"href":"https:\/\/www.samkankook.com\/gp\/wp-json\/wp\/v2\/media\/1684"}],"wp:attachment":[{"href":"https:\/\/www.samkankook.com\/gp\/wp-json\/wp\/v2\/media?parent=1596"}],"curies":[{"name":"wp","href":"https:\/\/api.w.org\/{rel}","templated":true}]}}